{"id":381,"date":"2024-01-28T21:51:54","date_gmt":"2024-01-28T20:51:54","guid":{"rendered":"http:\/\/alutray.alutray.com\/?page_id=381"},"modified":"2025-01-22T15:27:38","modified_gmt":"2025-01-22T14:27:38","slug":"alutray-2","status":"publish","type":"page","link":"http:\/\/alutray.com\/","title":{"rendered":"AluTray"},"content":{"rendered":"\n  \n    \n    <section class=\"skrollable u-align-left u-clearfix u-image u-parallax lazyload u-section-2\" id=\"home\" data-image-width=\"1262\" data-image-height=\"463\" data-bg=\"url(&quot;http:\/\/alutray.com\/wp-content\/uploads\/2024\/01\/intro-bg-8.jpg&quot;)\">\n      <div class=\"u-clearfix u-sheet u-sheet-1\">\n        <img class=\"parallax-image u-expanded-width u-image u-image-contain u-image-default lazyload u-image-1\" alt=\"\" data-image-width=\"1010\" data-image-height=\"175\" data-src=\"http:\/\/alutray.com\/wp-content\/uploads\/2024\/01\/intro-head-8.png\">\n      <\/div>\n    <\/section>\n    <section class=\"u-clearfix u-hidden-md u-hidden-sm u-hidden-xs u-section-3\" id=\"zamowienie-1\">\n      <div class=\"u-expanded-width u-list u-list-1\">\n        <div class=\"u-repeater u-repeater-1\">\n          <div class=\"u-align-left-lg u-align-left-md u-align-left-sm u-align-left-xs u-container-style u-image u-list-item u-repeater-item lazyload u-image-1\" data-image-width=\"308\" data-image-height=\"264\" data-bg=\"url(&quot;http:\/\/alutray.com\/wp-content\/uploads\/2024\/01\/c1-8.jpg&quot;)\">\n            <div class=\"u-container-layout u-similar-container u-container-layout-1\"><\/div>\n          <\/div>\n          <div class=\"u-container-style u-image u-list-item u-repeater-item lazyload u-image-2\" data-image-width=\"308\" data-image-height=\"264\" data-bg=\"url(&quot;http:\/\/alutray.com\/wp-content\/uploads\/2024\/01\/c2-8.jpg&quot;)\">\n            <div class=\"u-container-layout u-similar-container u-container-layout-2\"><\/div>\n          <\/div>\n          <div class=\"u-container-style u-image u-list-item u-repeater-item lazyload u-image-3\" data-image-width=\"308\" data-image-height=\"264\" data-bg=\"url(&quot;http:\/\/alutray.com\/wp-content\/uploads\/2024\/01\/c3-8.jpg&quot;)\">\n            <div class=\"u-container-layout u-similar-container u-container-layout-3\"><\/div>\n          <\/div>\n        <\/div>\n      <\/div>\n    <\/section>\n    <section class=\"u-align-center u-clearfix u-section-4\" id=\"zamowienie-2\">\n      <div class=\"u-clearfix u-sheet u-valign-middle-xs u-sheet-1\">\n        <p class=\"u-large-text u-text u-text-default u-text-grey-60 u-text-variant u-text-1\"> Alutray to nowatorskie sita wykorzystywane w przemy\u015ble spo\u017cywczym do suszenia r\u00f3\u017cnego rodzaju produkt\u00f3w w stacjonarnych komorach suszarniczych.<\/p>\n        <a href=\"http:\/\/alutray.alutray.com\/?page_id=381#kontakt-1\" class=\"u-btn u-button-style u-hover-palette-1-dark-1 u-palette-1-base u-btn-1\">Chc\u0119 zam\u00f3wi\u0107<\/a>\n      <\/div>\n    <\/section>\n    <section class=\"u-clearfix u-section-5\" id=\"wykonanie\">\n      <div class=\"u-clearfix u-sheet u-valign-middle-lg u-valign-middle-md u-valign-middle-sm u-valign-middle-xs u-sheet-1\">\n        <div class=\"u-clearfix u-gutter-10 u-layout-wrap u-layout-wrap-1\">\n          <div class=\"u-gutter-0 u-layout\">\n            <div class=\"u-layout-col\">\n              <div class=\"u-size-60\">\n                <div class=\"u-layout-row\">\n                  <div class=\"u-container-style u-image u-layout-cell u-size-21 lazyload u-image-1\" data-image-width=\"375\" data-image-height=\"277\" data-animation-name=\"customAnimationIn\" data-animation-duration=\"2000\" data-bg=\"url(&quot;http:\/\/alutray.com\/wp-content\/uploads\/2024\/01\/1-8.jpg&quot;)\">\n                    <div class=\"u-container-layout u-valign-middle u-container-layout-1\"><\/div>\n                  <\/div>\n                  <div class=\"u-align-left u-container-style u-layout-cell u-size-39 u-layout-cell-2\">\n                    <div class=\"u-container-layout u-container-layout-2\">\n                      <h3 class=\"u-text u-text-grey-60 u-text-1\">Wykonanie<\/h3>\n                      <p class=\"u-text u-text-grey-60 u-text-2\"> Sita Alutray wykonane s\u0105 z profili aluminiowych anodowanych, po\u0142\u0105czonych za pomoc\u0105 naro\u017cnik\u00f3w wykonanych z tworzywa technicznego o du\u017cej wytrzyma\u0142o\u015bci, oraz siatki poliamidowej. Bardzo precyzyjnie dobrane profile, wraz ze specjalnie zaprojektowanymi i wykonanymi naro\u017cnikami pozwalaj\u0105 uzyska\u0107 wysok\u0105 stabilno\u015b\u0107 i trwa\u0142o\u015b\u0107 sita. Konstrukcja ramy sita oraz spos\u00f3b monta\u017cu siatki, kt\u00f3ra nara\u017cona jest na szybsze zu\u017cycie, umo\u017cliwia \u0142atw\u0105 wymian\u0119 nawet we w\u0142asnym zakresie, co pozwala unikn\u0105\u0107 zb\u0119dnych koszt\u00f3w oraz znacznie wyd\u0142u\u017cy\u0107 czas eksploatacji ramy.<\/p>\n                    <\/div>\n                  <\/div>\n                <\/div>\n              <\/div>\n            <\/div>\n          <\/div>\n        <\/div>\n      <\/div>\n    <\/section>\n    <section class=\"u-clearfix u-image lazyload u-section-6\" id=\"zastosowanie\" data-image-width=\"673\" data-image-height=\"449\" data-bg=\"url(&quot;http:\/\/alutray.com\/wp-content\/uploads\/2024\/01\/2-bg-8.jpg&quot;)\">\n      <div class=\"u-clearfix u-sheet u-valign-middle-lg u-valign-middle-md u-valign-middle-sm u-valign-middle-xs u-sheet-1\">\n        <div class=\"u-clearfix u-expanded-width u-gutter-10 u-layout-wrap u-layout-wrap-1\">\n          <div class=\"u-gutter-0 u-layout\">\n            <div class=\"u-layout-col\">\n              <div class=\"u-size-60\">\n                <div class=\"u-layout-row\">\n                  <div class=\"u-align-left u-container-style u-layout-cell u-shape-rectangle u-size-39 u-layout-cell-1\">\n                    <div class=\"u-container-layout u-valign-middle u-container-layout-1\">\n                      <h3 class=\"u-text u-text-grey-60 u-text-1\">Zastosowa\u200bnie<\/h3>\n                      <p class=\"u-text u-text-grey-60 u-text-2\"> Sita Alutray mog\u0105 by\u0107 stosowane w przemy\u015ble spo\u017cywczym jako tace dla r\u00f3\u017cnego rodzaju produkt\u00f3w, wymagaj\u0105cych w procesie przetwarzania, obr\u00f3bki hydrotermicznej w stacjonarnych komorach suszarniczych. Najcz\u0119\u015bciej wykorzystywane s\u0105 podczas suszenia warzyw i owoc\u00f3w, zi\u00f3\u0142, grzyb\u00f3w oraz makaron\u00f3w.<\/p>\n                    <\/div>\n                  <\/div>\n                  <div class=\"u-container-style u-image u-layout-cell u-size-21 lazyload u-image-1\" data-image-width=\"411\" data-image-height=\"486\" data-animation-name=\"customAnimationIn\" data-animation-duration=\"2000\" data-bg=\"url(&quot;http:\/\/alutray.com\/wp-content\/uploads\/2024\/01\/2-8.png&quot;)\">\n                    <div class=\"u-container-layout u-valign-middle u-container-layout-2\"><\/div>\n                  <\/div>\n                <\/div>\n              <\/div>\n            <\/div>\n          <\/div>\n        <\/div>\n      <\/div>\n    <\/section>\n    <section class=\"u-clearfix u-section-7\" id=\"dane-techniczne\">\n      <div class=\"u-clearfix u-sheet u-valign-middle-lg u-valign-middle-md u-valign-middle-sm u-valign-middle-xs u-sheet-1\">\n        <div class=\"u-clearfix u-gutter-10 u-layout-wrap u-layout-wrap-1\">\n          <div class=\"u-gutter-0 u-layout\">\n            <div class=\"u-layout-col\">\n              <div class=\"u-size-60\">\n                <div class=\"u-layout-row\">\n                  <div class=\"u-align-left u-container-style u-layout-cell u-size-21 u-layout-cell-1\">\n                    <div class=\"u-container-layout u-valign-top-xs u-container-layout-1\">\n                      <img class=\"u-absolute-hcenter-sm u-absolute-hcenter-xs u-expanded-height-sm u-expanded-height-xs u-image u-image-default lazyload u-image-1\" alt=\"\" data-image-width=\"376\" data-image-height=\"528\" data-animation-name=\"customAnimationIn\" data-animation-duration=\"2000\" data-src=\"http:\/\/alutray.com\/wp-content\/uploads\/2024\/01\/3-8.png\">\n                    <\/div>\n                  <\/div>\n                  <div class=\"u-align-left u-container-style u-layout-cell u-shape-rectangle u-size-39 u-layout-cell-2\">\n                    <div class=\"u-container-layout u-valign-middle-lg u-valign-middle-md u-valign-middle-sm u-valign-middle-xl u-container-layout-2\">\n                      <h3 class=\"u-text u-text-grey-60 u-text-1\">Dane Techniczne<\/h3>\n                      <p class=\"u-text u-text-grey-60 u-text-2\"> Wymiar standardowy to&nbsp;<span style=\"font-weight: 700;\">1200mm x 600mm x 54 mm.<\/span>\n                        <br>Wa\u017c\u0105&nbsp;<span style=\"font-weight: 700;\">2,45 kg.<\/span>\n                        <br>Mo\u017cliwe jest wykonanie sit wed\u0142ug niestandardowych wymiar\u00f3w.<br>W ofercie posiadamy tak\u017ce dedykowane w\u00f3zki samono\u015bne do sit wykonane ze stali nierdzewnej o wymiarach 1200mm x 600mm x 160mm. \n                      <\/p>\n                    <\/div>\n                  <\/div>\n                <\/div>\n              <\/div>\n            <\/div>\n          <\/div>\n        <\/div>\n      <\/div>\n    <\/section>\n    <section class=\"u-align-center u-clearfix u-section-8\" id=\"Zalety\">\n      <div class=\"u-clearfix u-sheet u-valign-middle-xl u-sheet-1\">\n        <h3 class=\"u-text u-text-default u-text-grey-60 u-text-1\">Zalety:<\/h3>\n        <div class=\"u-expanded-width u-list u-list-1\">\n          <div class=\"u-repeater u-repeater-1\">\n            <div class=\"u-align-center u-container-style u-list-item u-repeater-item u-video-cover u-white u-list-item-1\">\n              <div class=\"u-container-layout u-similar-container u-valign-top u-container-layout-1\"><span class=\"u-file-icon u-icon u-icon-1\" data-animation-name=\"customAnimationIn\" data-animation-duration=\"2000\"><img decoding=\"async\" src=\"http:\/\/alutray.com\/wp-content\/uploads\/2024\/01\/c1-8.gif\" alt=\"\"><\/span>\n                <p class=\"u-text u-text-grey-60 u-text-2\" data-animation-name=\"customAnimationIn\" data-animation-duration=\"2000\"> Kompatybilne z sitami drewnianymi, pracuj\u0105cymi w takim samym systemie uk\u0142adania sit. Umo\u017cliwia to systematyczn\u0105 zamian\u0119 zu\u017cytych sit drewnianych, bez konieczno\u015bci wymiany ca\u0142ego kompletu.<\/p>\n              <\/div>\n            <\/div>\n            <div class=\"u-align-center u-container-style u-list-item u-repeater-item u-video-cover u-white u-list-item-2\">\n              <div class=\"u-container-layout u-similar-container u-valign-top u-container-layout-2\"><span class=\"u-file-icon u-icon u-icon-2\" data-animation-name=\"customAnimationIn\" data-animation-duration=\"2000\"><img decoding=\"async\" src=\"http:\/\/alutray.com\/wp-content\/uploads\/2024\/01\/c2-8.gif\" alt=\"\"><\/span>\n                <p class=\"u-text u-text-grey-60 u-text-3\" data-animation-name=\"customAnimationIn\" data-animation-duration=\"2000\"> Bardzo wysoka stabilno\u015b\u0107 zwi\u0119ksza ich trwa\u0142o\u015b\u0107 oraz wp\u0142ywa na niezawodn\u0105 wsp\u00f3\u0142prac\u0119 z systemami przenoszenia i transportu sit.<\/p>\n              <\/div>\n            <\/div>\n            <div class=\"u-align-center u-container-style u-list-item u-repeater-item u-white u-list-item-3\">\n              <div class=\"u-container-layout u-similar-container u-valign-top u-container-layout-3\"><span class=\"u-file-icon u-icon u-icon-3\" data-animation-name=\"customAnimationIn\" data-animation-duration=\"2000\"><img decoding=\"async\" src=\"http:\/\/alutray.com\/wp-content\/uploads\/2024\/01\/c3-8.gif\" alt=\"\"><\/span>\n                <p class=\"u-text u-text-grey-60 u-text-4\" data-animation-name=\"customAnimationIn\" data-animation-duration=\"2000\"> Wytrzyma\u0142o\u015b\u0107 nawet cztery razy wi\u0119ksza od sit drewnianych. Du\u017co wi\u0119ksza wytrzyma\u0142o\u015b\u0107 na uszkodzenia mechaniczne.<br>\n                <\/p>\n              <\/div>\n            <\/div>\n            <div class=\"u-align-center u-container-style u-list-item u-repeater-item u-video-cover u-white u-list-item-4\">\n              <div class=\"u-container-layout u-similar-container u-valign-top u-container-layout-4\"><span class=\"u-file-icon u-icon u-icon-4\" data-animation-name=\"customAnimationIn\" data-animation-duration=\"2000\"><img decoding=\"async\" src=\"http:\/\/alutray.com\/wp-content\/uploads\/2024\/01\/c4-8.gif\" alt=\"\"><\/span>\n                <p class=\"u-text u-text-grey-60 u-text-5\" data-animation-name=\"customAnimationIn\" data-animation-duration=\"2000\"> Bardzo \u0142atwe do utrzymania w czysto\u015bci. Zastosowane materia\u0142y pozwalaj\u0105 na cz\u0119ste mycie bez wp\u0142ywu na w\u0142a\u015bciwo\u015bci i \u017cywotno\u015b\u0107 sita.<\/p>\n              <\/div>\n            <\/div>\n            <div class=\"u-align-center u-container-style u-list-item u-repeater-item u-video-cover u-white u-list-item-5\">\n              <div class=\"u-container-layout u-similar-container u-valign-top u-container-layout-5\"><span class=\"u-file-icon u-icon u-icon-5\" data-animation-name=\"customAnimationIn\" data-animation-duration=\"2000\"><img decoding=\"async\" src=\"http:\/\/alutray.com\/wp-content\/uploads\/2024\/01\/c5-8.gif\" alt=\"\"><\/span>\n                <p class=\"u-text u-text-grey-60 u-text-6\" data-animation-name=\"customAnimationIn\" data-animation-duration=\"2000\"> Mo\u017cliwo\u015b\u0107 wymiany zu\u017cytej siatki we w\u0142asnym zakresie, zmniejsza koszty eksploatacji i wyd\u0142u\u017ca \u017cywotno\u015b\u0107 ramy sita.<\/p>\n              <\/div>\n            <\/div>\n            <div class=\"u-align-center u-container-style u-list-item u-repeater-item u-video-cover u-white u-list-item-6\">\n              <div class=\"u-container-layout u-similar-container u-valign-top u-container-layout-6\"><span class=\"u-file-icon u-icon u-icon-6\" data-animation-name=\"customAnimationIn\" data-animation-duration=\"2000\"><img decoding=\"async\" src=\"http:\/\/alutray.com\/wp-content\/uploads\/2024\/01\/c6-8.gif\" alt=\"\"><\/span>\n                <p class=\"u-text u-text-grey-60 u-text-7\" data-animation-name=\"customAnimationIn\" data-animation-duration=\"2000\"> Bardzo dobre ceny rynkowe. Zapytaj nas o wycen\u0119, przygotujemy Ci specjaln\u0105 ofert\u0119!<\/p>\n              <\/div>\n            <\/div>\n          <\/div>\n        <\/div>\n      <\/div>\n    <\/section>\n    <section class=\"u-clearfix u-section-9\" id=\"kontakt-1\">\n      <div class=\"u-align-center u-container-style u-expanded-width u-group u-image u-opacity u-opacity-40 u-shape-rectangle lazyload u-image-1\" data-image-width=\"1024\" data-image-height=\"645\" data-bg=\"url(&quot;http:\/\/alutray.com\/wp-content\/uploads\/2024\/01\/footer-bg-8.png&quot;)\">\n        <div class=\"u-container-layout u-container-layout-1\">\n          <h3 class=\"u-text u-text-default u-text-grey-60 u-text-1\">Kontakt<br>\n          <\/h3>\n          <p class=\"u-text u-text-default u-text-grey-60 u-text-2\"> Adres: <span style=\"font-weight: 700;\"> CERFORM sp. z o.o.&nbsp;ul. Lubelska 24, 22-107 Sawin&nbsp;<\/span>\n            <br>\n            <br>&nbsp;E-mail: <b>info@cerform.eu<\/b>\n            <br>Telefon: <b> +48 606 522 358&nbsp;<\/b>\n            <br>REGON: <b> 366620928&nbsp;<\/b>\n            <br>NIP: <b> PL 5632431441<\/b>&nbsp; \n          <\/p>\n        <\/div>\n      <\/div>\n    <\/section>\n    <section class=\"u-clearfix u-grey-light-2 u-typography-custom-page-typography-12--Map u-section-10\" id=\"maps\">\n      <div class=\"u-absolute-hcenter u-expanded u-grey-light-2 u-map u-map-1\">\n        <div class=\"embed-responsive\">\n          <iframe class=\"embed-responsive-item lazyload\" data-map=\"JTdCJTIycG9zaXRpb25UeXBlJTIyJTNBJTIybWFwLWFkZHJlc3MlMjIlMkMlMjJhZGRyZXNzJTIyJTNBJTIyQ0VSRk9STSUyMFNQLiUyMFolMjBPLk8uJTJDJTIwVUwuJTIwTFVCRUxTS0ElMjAyNCUyQyUyMDIyLTEwNyUyMFNBV0lOJTIyJTJDJTIyem9vbSUyMiUzQSUyMiUyMiUyQyUyMnR5cGVJZCUyMiUzQSUyMnJvYWQlMjIlMkMlMjJsYW5nJTIyJTNBbnVsbCUyQyUyMmFwaUtleSUyMiUzQW51bGwlMkMlMjJtYXJrZXJzJTIyJTNBJTVCJTVEJTdE\" data-src=\"\/\/maps.google.com\/maps?output=embed&amp;q=CERFORM%20SP.%20Z%20O.O.%2C%20UL.%20LUBELSKA%2024%2C%2022-107%20SAWIN&amp;t=m\"><\/iframe>\n        <\/div>\n      <\/div>\n      <img class=\"u-image u-image-contain lazyload u-image-1\" data-image-width=\"185\" data-image-height=\"306\" data-src=\"http:\/\/alutray.com\/wp-content\/uploads\/2024\/01\/openMapBtn-8.png\">\n    <\/section>\n    \n    \n  \n","protected":false},"excerpt":{"rendered":"<p>Alutray to nowatorskie sita wykorzystywane w przemy\u015ble spo\u017cywczym do suszenia r\u00f3\u017cnego rodzaju produkt\u00f3w w stacjonarnych komorach suszarniczych. Chc\u0119 zam\u00f3wi\u0107 Wykonanie Sita Alutray wykonane s\u0105 z profili aluminiowych anodowanych, po\u0142\u0105czonych za pomoc\u0105 naro\u017cnik\u00f3w wykonanych z tworzywa technicznego o du\u017cej wytrzyma\u0142o\u015bci, oraz siatki poliamidowej. Bardzo precyzyjnie dobrane profile, wraz ze specjalnie zaprojektowanymi i wykonanymi naro\u017cnikami pozwalaj\u0105 uzyska\u0107 &hellip; <a href=\"http:\/\/alutray.com\/\" class=\"more-link\">Continue reading<span class=\"screen-reader-text\"> &#8222;AluTray&#8221;<\/span><\/a><\/p>\n","protected":false},"author":1,"featured_media":0,"parent":0,"menu_order":1,"comment_status":"closed","ping_status":"closed","template":"","meta":{"footnotes":""},"class_list":["post-381","page","type-page","status-publish","hentry"],"_links":{"self":[{"href":"http:\/\/alutray.com\/index.php?rest_route=\/wp\/v2\/pages\/381","targetHints":{"allow":["GET"]}}],"collection":[{"href":"http:\/\/alutray.com\/index.php?rest_route=\/wp\/v2\/pages"}],"about":[{"href":"http:\/\/alutray.com\/index.php?rest_route=\/wp\/v2\/types\/page"}],"author":[{"embeddable":true,"href":"http:\/\/alutray.com\/index.php?rest_route=\/wp\/v2\/users\/1"}],"replies":[{"embeddable":true,"href":"http:\/\/alutray.com\/index.php?rest_route=%2Fwp%2Fv2%2Fcomments&post=381"}],"version-history":[{"count":5,"href":"http:\/\/alutray.com\/index.php?rest_route=\/wp\/v2\/pages\/381\/revisions"}],"predecessor-version":[{"id":398,"href":"http:\/\/alutray.com\/index.php?rest_route=\/wp\/v2\/pages\/381\/revisions\/398"}],"wp:attachment":[{"href":"http:\/\/alutray.com\/index.php?rest_route=%2Fwp%2Fv2%2Fmedia&parent=381"}],"curies":[{"name":"wp","href":"https:\/\/api.w.org\/{rel}","templated":true}]}}